{"id":246,"date":"2021-06-14T21:16:10","date_gmt":"2021-06-14T21:16:10","guid":{"rendered":"https:\/\/larson-demo.bslthemes.com\/?page_id=246"},"modified":"2024-10-11T21:47:21","modified_gmt":"2024-10-11T21:47:21","slug":"hakkimizda","status":"publish","type":"page","link":"https:\/\/gulsanbranda.com\/?page_id=246","title":{"rendered":"Hakk\u0131m\u0131zda"},"content":{"rendered":"\t\t<div data-elementor-type=\"wp-page\" data-elementor-id=\"246\" class=\"elementor elementor-246\">\n\t\t\t\t\t\t<section class=\"elementor-section elementor-top-section elementor-element elementor-element-a41e2b2 elementor-section-full_width elementor-section-height-default elementor-section-height-default\" data-id=\"a41e2b2\" data-element_type=\"section\">\n\t\t\t\t\t\t<div class=\"elementor-container elementor-column-gap-no\">\n\t\t\t\t\t<div class=\"elementor-column elementor-col-100 elementor-top-column elementor-element elementor-element-97c067e\" data-id=\"97c067e\" data-element_type=\"column\">\n\t\t\t<div class=\"elementor-widget-wrap elementor-element-populated\">\n\t\t\t\t\t\t<div class=\"elementor-element elementor-element-4f6d00e elementor-widget elementor-widget-larson-intro\" data-id=\"4f6d00e\" data-element_type=\"widget\" data-widget_type=\"larson-intro.default\">\n\t\t\t\t<div class=\"elementor-widget-container\">\n\t\t\t\n\t\t<article class=\"article\">\n\t        <header class=\"article__header\">\n\t          <div class=\"container\">\n\t            \t            <h1 class=\"article__heading heading heading--size-large\">\n\t            \t<span >\n\t\t\t\t\t\t<p>Hakk\u0131m\u0131zda<\/p>\t\t\t\t\t<\/span>\n\t            <\/h1>\n\t            \t            \t          <\/div>\n\t        <\/header>\n\t        \t        <div class=\"article__about-hero container\">\n\t          <img decoding=\"async\" src=\"https:\/\/gulsanbranda.com\/wp-content\/uploads\/2024\/10\/Gulsan03-1920x1080.jpg\" alt=\"\" \/>\n\t        <\/div>\n\t        \t    <\/article>\n\n\t\t\t\t<\/div>\n\t\t\t\t<\/div>\n\t\t\t\t\t<\/div>\n\t\t<\/div>\n\t\t\t\t\t<\/div>\n\t\t<\/section>\n\t\t\t\t<section class=\"elementor-section elementor-top-section elementor-element elementor-element-4c57874 elementor-section-full_width elementor-section-height-default elementor-section-height-default\" data-id=\"4c57874\" data-element_type=\"section\">\n\t\t\t\t\t\t<div class=\"elementor-container elementor-column-gap-no\">\n\t\t\t\t\t<div class=\"elementor-column elementor-col-100 elementor-top-column elementor-element elementor-element-362f2fe\" data-id=\"362f2fe\" data-element_type=\"column\">\n\t\t\t<div class=\"elementor-widget-wrap elementor-element-populated\">\n\t\t\t\t\t\t<div class=\"elementor-element elementor-element-fae3345 elementor-widget elementor-widget-larson-about-description\" data-id=\"fae3345\" data-element_type=\"widget\" data-widget_type=\"larson-about-description.default\">\n\t\t\t\t<div class=\"elementor-widget-container\">\n\t\t\t\n\t\t<section class=\"webpage__about-block about-block about-block--columns\">\n          <div class=\"about-block__inner container\" data-number=\"01.\">\n                        <header class=\"about-block__header\" data-aos=\"fade\">\n              <h2 class=\"about-block__heading heading\">\n              \t<span >\n\t\t\t\t\tG\u00fcl\u015fan Branda\t\t\t\t<\/span>\n              <\/h2>\n            <\/header>\n                                    <div class=\"about-block__main\">\n                            <div class=\"about-block__text\" data-aos=\"fade\">\n                <div >\n\t\t\t\t\t<div class=\"about-section__pseudoheading heading aos-init aos-animate\" data-aos=\"fade\">&nbsp;<\/div>\n<div class=\"about-section__text aos-init aos-animate\" data-aos=\"fade\">\n<div>\n<p class=\"p1\">Firmam\u0131z ilk olarak 1966 y\u0131l\u0131nda her nevi branda i\u015fi yapmak amac\u0131 ile Sakarya\u2019da kurulmu\u015ftur. Takip eden y\u0131llarda, sekt\u00f6r\u00fcn kaydetti\u011fi geli\u015fmelere parelel olarak ortaya \u00e7\u0131kan talep oran\u0131n artmas\u0131 nedeniyle yeni \u00fcr\u00fcnlerin, mafsall\u0131 ve k\u00f6r\u00fckl\u00fc tente \u00fcretimine ba\u015flanmas\u0131na karar verilmi\u015ftir.<\/p>\n<p class=\"p1\">Firmam\u0131z, branda dikimi ve yap\u0131m\u0131 ama\u00e7l\u0131 faayietlerine 1991 y\u0131l\u0131nda mafsall\u0131 tente imalat\u0131n\u0131 ekledikten sonra kaliteyi ve sa\u011flaml\u0131\u011f\u0131 kendine ilke edinmi\u015f ve hi\u00e7bir taviz vermeden o g\u00fcnden bug\u00fcne binlerce mafsall\u0131 tente \u00fcretmi\u015ftir. Bu ilerlemesonucunda yurt\u00e7ap\u0131nda k\u0131rktan fazla bayilik vermi\u015f olan firmam\u0131z ayr\u0131ca yurt d\u0131\u015f\u0131na da Mafsall\u0131 Tente ihracat\u0131 ger\u00e7ekle\u015ftirmi\u015ftir. Daha sonra ki y\u0131llarda, imalat\u0131m\u0131zda ki titizlik, kalite ve sa\u011flaml\u0131k giderek \u00e7e\u015fit ve kapasitemizin artmas\u0131na neden olmu\u015ftur. Arzumuz kalitemizden \u00f6d\u00fcn vermeden b\u00fcnyemizi geli\u015ftirmek ve talep piyasas\u0131na daha iyi ve m\u00fckemmel \u00e7al\u0131\u015fmalar\u0131 sunabilmektedir.<\/p>\n<p><\/p>\n<p class=\"p1\">Tentelerimiz G\u00dcL\u015eAN BRANDA garantisini ta\u015f\u0131r.<\/p>\n<p><\/p>\n<\/div>\n<p>G\u00dcL\u015eAN BRANANIN kalite, plan, program, politika ve hedeflerini ortaya koyar. \u015eirketimizde verilen hizmette kaliteyi bir ya\u015fam tarz\u0131 olarak benimsemeyi, m\u00fc\u015fteriyi tatmin etmeyi, d\u00fcr\u00fcst ve prensipli kararlarla maksimum kalitede hizmet vermeyi kendisine ama\u00e7 edinmi\u015ftir.<br><br><\/p>\n<p>Kalite ve \u00e7evre y\u00f6netim sistemi ilkeleri do\u011frultusunda \u00e7al\u0131\u015fmalar\u0131n\u0131 s\u00fcrd\u00fcrmeye ba\u015flam\u0131\u015f olan \u015firketimiz ISO 9001:2015 Kalite ve ISO 14001:2015 \u00e7evre y\u00f6netim Sistemi, 10002 M\u00fc\u015fteri Memnuniyeti Y\u00f6netim Sistemi ve OHSAS 18001 i\u015f Sa\u011fl\u0131\u011f\u0131 ve G\u00fcvenli\u011fi Y\u00f6netim Sistemi olu\u015fturmaya ba\u015flam\u0131\u015ft\u0131r.<br><br><\/p><p>\u015eirketimiz hizmet sundu\u011fu m\u00fc\u015fterilerinin, taleplerinin iyi tespit edilmesi ve \u00e7al\u0131\u015fma y\u00f6ntem ve tekniklerinde d\u00fcnya teknolojisini yakalaman\u0131n sonucunda her zaman y\u00fcksek m\u00fc\u015fteri memnuniyetini hedeflemek suretiyle \u00e7al\u0131\u015fmalan\u0131n\u0131 s\u00fcrd\u00fcrmektedir.<\/p>\n<div>\n<\/div>\n<\/div>\t\t\t\t<\/div>\n              <\/div>\n                                          <blockquote class=\"about-block__quote\" data-aos=\"fade\">\n              \t<span >\n\t\t\t\t\tGe\u00e7mi\u015ften\u00a0Gelece\u011fe\nKalite ve G\u00fcven\t\t\t\t<\/span>\n\t\t\t\t<span class=\"sep\"><svg viewBox='0 0 83 62' fill='none' xmlns='http:\/\/www.w3.org\/2000\/svg'><path d='M18.6.2c6.267 0 11 2.267 14.2 6.8 3.333 4.4 5 9.667 5 15.8 0 8.267-2.467 15.933-7.4 23-4.8 7.067-10.867 12.333-18.2 15.8L.4 52.2c5.333-2.133 10-5.067 14-8.8 4-3.867 6.733-7.867 8.2-12l-1-.6c-.667.533-1.467.933-2.4 1.2-.933.267-2.267.4-4 .4-3.067 0-6.2-1.2-9.4-3.6-3.067-2.533-4.6-6.333-4.6-11.4 0-5.333 1.733-9.533 5.2-12.6S13.933.2 18.6.2zm44.8 0c6.267 0 11 2.267 14.2 6.8 3.333 4.4 5 9.667 5 15.8 0 8.267-2.467 15.933-7.4 23-4.8 7.067-10.867 12.333-18.2 15.8l-11.8-9.4c5.333-2.133 10-5.067 14-8.8 4-3.867 6.733-7.867 8.2-12l-1-.6c-.667.533-1.467.933-2.4 1.2-.933.267-2.267.4-4 .4-3.067 0-6.2-1.2-9.4-3.6-3.067-2.533-4.6-6.333-4.6-11.4 0-5.333 1.733-9.533 5.2-12.6S58.733.2 63.4.2z' fill='#ffb74d'\/><\/svg><\/span>\n              <\/blockquote>\n                          <\/div>\n                      <\/div>\n        <\/section>\n\n\t\t\t\t<\/div>\n\t\t\t\t<\/div>\n\t\t\t\t\t<\/div>\n\t\t<\/div>\n\t\t\t\t\t<\/div>\n\t\t<\/section>\n\t\t\t\t<\/div>\n\t\t","protected":false},"excerpt":{"rendered":"<p>Hakk\u0131m\u0131zda G\u00fcl\u015fan Branda &nbsp; Firmam\u0131z ilk olarak 1966 y\u0131l\u0131nda her nevi branda i\u015fi yapmak amac\u0131 ile Sakarya\u2019da kurulmu\u015ftur. Takip eden y\u0131llarda, sekt\u00f6r\u00fcn kaydetti\u011fi geli\u015fmelere parelel olarak ortaya \u00e7\u0131kan talep oran\u0131n artmas\u0131 nedeniyle yeni \u00fcr\u00fcnlerin, mafsall\u0131 ve k\u00f6r\u00fckl\u00fc tente \u00fcretimine ba\u015flanmas\u0131na karar verilmi\u015ftir. Firmam\u0131z, branda dikimi ve yap\u0131m\u0131 ama\u00e7l\u0131 faayietlerine 1991&#8230; <\/p>\n<div class=\"readmore\"><a href=\"https:\/\/gulsanbranda.com\/?page_id=246\" class=\"btn-link\">Read more<\/a><\/div>\n","protected":false},"author":1,"featured_media":0,"parent":0,"menu_order":0,"comment_status":"closed","ping_status":"closed","template":"template-elementor-default.php","meta":{"_acf_changed":false,"_monsterinsights_skip_tracking":false,"_monsterinsights_sitenote_active":false,"_monsterinsights_sitenote_note":"","_monsterinsights_sitenote_category":0,"footnotes":""},"class_list":["post-246","page","type-page","status-publish","hentry"],"acf":[],"aioseo_notices":[],"_links":{"self":[{"href":"https:\/\/gulsanbranda.com\/index.php?rest_route=\/wp\/v2\/pages\/246","targetHints":{"allow":["GET"]}}],"collection":[{"href":"https:\/\/gulsanbranda.com\/index.php?rest_route=\/wp\/v2\/pages"}],"about":[{"href":"https:\/\/gulsanbranda.com\/index.php?rest_route=\/wp\/v2\/types\/page"}],"author":[{"embeddable":true,"href":"https:\/\/gulsanbranda.com\/index.php?rest_route=\/wp\/v2\/users\/1"}],"replies":[{"embeddable":true,"href":"https:\/\/gulsanbranda.com\/index.php?rest_route=%2Fwp%2Fv2%2Fcomments&post=246"}],"version-history":[{"count":8,"href":"https:\/\/gulsanbranda.com\/index.php?rest_route=\/wp\/v2\/pages\/246\/revisions"}],"predecessor-version":[{"id":2939,"href":"https:\/\/gulsanbranda.com\/index.php?rest_route=\/wp\/v2\/pages\/246\/revisions\/2939"}],"wp:attachment":[{"href":"https:\/\/gulsanbranda.com\/index.php?rest_route=%2Fwp%2Fv2%2Fmedia&parent=246"}],"curies":[{"name":"wp","href":"https:\/\/api.w.org\/{rel}","templated":true}]}}