{"id":368,"date":"2021-06-17T11:31:47","date_gmt":"2021-06-17T11:31:47","guid":{"rendered":"https:\/\/larson-demo.bslthemes.com\/?page_id=368"},"modified":"2024-10-17T10:29:24","modified_gmt":"2024-10-17T10:29:24","slug":"iletisim","status":"publish","type":"page","link":"https:\/\/gulsanbranda.com\/?page_id=368","title":{"rendered":"\u0130leti\u015fim"},"content":{"rendered":"\t\t<div data-elementor-type=\"wp-page\" data-elementor-id=\"368\" class=\"elementor elementor-368\">\n\t\t\t\t\t\t<section class=\"elementor-section elementor-top-section elementor-element elementor-element-a41e2b2 elementor-section-full_width elementor-section-height-default elementor-section-height-default\" data-id=\"a41e2b2\" data-element_type=\"section\">\n\t\t\t\t\t\t<div class=\"elementor-container elementor-column-gap-no\">\n\t\t\t\t\t<div class=\"elementor-column elementor-col-100 elementor-top-column elementor-element elementor-element-97c067e\" data-id=\"97c067e\" data-element_type=\"column\">\n\t\t\t<div class=\"elementor-widget-wrap elementor-element-populated\">\n\t\t\t\t\t\t<div class=\"elementor-element elementor-element-4f6d00e elementor-widget elementor-widget-larson-intro\" data-id=\"4f6d00e\" data-element_type=\"widget\" data-widget_type=\"larson-intro.default\">\n\t\t\t\t<div class=\"elementor-widget-container\">\n\t\t\t\n\t\t<article class=\"article\">\n\t        <header class=\"article__header\">\n\t          <div class=\"container\">\n\t            \t            <h1 class=\"article__heading heading heading--size-large\">\n\t            \t<span >\n\t\t\t\t\t\t<p>\u0130leti\u015fim<\/p>\t\t\t\t\t<\/span>\n\t            <\/h1>\n\t            \t            \t          <\/div>\n\t        <\/header>\n\t        \t    <\/article>\n\n\t\t\t\t<\/div>\n\t\t\t\t<\/div>\n\t\t\t\t\t<\/div>\n\t\t<\/div>\n\t\t\t\t\t<\/div>\n\t\t<\/section>\n\t\t\t\t<section class=\"elementor-section elementor-top-section elementor-element elementor-element-d46eaa0 elementor-section-boxed elementor-section-height-default elementor-section-height-default\" data-id=\"d46eaa0\" data-element_type=\"section\">\n\t\t\t\t\t\t<div class=\"elementor-container elementor-column-gap-no\">\n\t\t\t\t\t<div class=\"elementor-column elementor-col-50 elementor-top-column elementor-element elementor-element-46678d9\" data-id=\"46678d9\" data-element_type=\"column\">\n\t\t\t<div class=\"elementor-widget-wrap elementor-element-populated\">\n\t\t\t\t\t\t<div class=\"elementor-element elementor-element-3837240 elementor-widget elementor-widget-larson-contact-info\" data-id=\"3837240\" data-element_type=\"widget\" data-widget_type=\"larson-contact-info.default\">\n\t\t\t\t<div class=\"elementor-widget-container\">\n\t\t\t\n\t\t<div class=\"article__map map\">\n          <div class=\"map__inner container\">\n            <div class=\"contact-block\">\n                            <div class=\"contact-block__heading\">\n              \t<span >\n\t\t\t\t\tSAKARYA, <span class=\"color-yellow\">T\u00dcRK\u0130YE<\/span>\t\t\t\t<\/span>\n              <\/div>\n                                          <address class=\"contact-block__address\">\n              \t<span >\n\t\t\t\t\t<b style=\"letter-spacing: 0.5px;font-family: Helvetica;font-size: 15px\">MERKEZ : Erenler Mah. Sakarya Cad. Etbal\u0131k Kurumu Kar\u015f\u0131s\u0131 No: 330<\/b><br><b style=\"letter-spacing: -0.5px;font-family: Helvetica;font-size: 15px\">ERENLER \/ SAKARYA<\/b><br><b style=\"letter-spacing: -0.5px;font-family: Helvetica;font-size: 15px\">Tel :&nbsp; 0 264 2755226 -&nbsp; 2766173&nbsp;<\/b><br><b style=\"letter-spacing: -0.5px;font-family: Helvetica;font-size: 15px\">FABR\u0130KA<\/b><span style=\"font-weight: 700;letter-spacing: 0.5px;font-family: Helvetica;font-size: 15px\">&nbsp;:&nbsp;<\/span><b style=\"letter-spacing: -0.5px;font-family: Helvetica;font-size: 15px\">Nak\u0131\u015flar Mahallesi Yan Yol Caddesi No: 99, D-100 Karayolu<\/b><br><span style=\"font-weight: 700;letter-spacing: -0.5px;font-family: Helvetica;font-size: 15px\">ERENLER \/ SAKARYA<\/span><br><b style=\"letter-spacing: -0.5px;font-family: Helvetica;font-size: 15px\">Tel : 0 264 3780217 -<span>&nbsp; <\/span>3780218 -<span>&nbsp; <\/span>3780219 <span>&nbsp; &nbsp; &nbsp;<\/span><\/b>\t\t\t\t<\/span>\n              <\/address>\n                                          <div class=\"contact-block__phone\">\n                <a href=\"tel:+90%20535%20357%2092%2054\">\n                \t<span >\n\t\t\t\t\t\t+90 535 357 92 54\t\t\t\t\t<\/span>\n                <\/a>\n              <\/div>\n                                          <div class=\"contact-block__item\">\n              \t                <div class=\"contact-block__item-hint\">\n                \t<span >\n\t\t\t\t\t\tEmail:\t\t\t\t\t<\/span>\n                <\/div>\n                                <div class=\"contact-block__item-val\">\n                  <a href=\"mailto:info@gulsanbranda.com\">\n                  \t<span >\n\t\t\t\t\t\tinfo@gulsanbranda.com\t\t\t\t\t<\/span>\n                  <\/a>\n                <\/div>\n              <\/div>\n                                          <div class=\"contact-block__item\">\n              \t                <div class=\"contact-block__item-hint\">\n                \t<span >\n\t\t\t\t\t\tSosyal Medyalardan Bizi Takip Edin :\t\t\t\t\t<\/span>\n                <\/div>\n                                <div class=\"contact-block__item-val\">\n                  <!-- Social-->\n                  <ul class=\"contact-block__social social--contact social\">\n                                        <li class=\"social__item\">\n                      <a href=\"https:\/\/www.facebook.com\/gulsan.branda.3\/\" title=\"facebook\" class=\"social__link\" target=\"_blank\">\n                        <i class=\"fa fa-facebook-f\"><\/i>\n                      <\/a>\n                    <\/li>\n                \t                    <li class=\"social__item\">\n                      <a href=\"https:\/\/twitter.com\/\" title=\"twitter\" class=\"social__link\" target=\"_blank\">\n                        <i class=\"fa fa-twitter\"><\/i>\n                      <\/a>\n                    <\/li>\n                \t                    <li class=\"social__item\">\n                      <a href=\"https:\/\/www.instagram.com\/gulsanbranda\/\" title=\"\u0130nstagram\" class=\"social__link\" target=\"_blank\">\n                        <i class=\"fa fa-instagram\"><\/i>\n                      <\/a>\n                    <\/li>\n                \t                  <\/ul>\n                <\/div>\n              <\/div>\n                                          <div class=\"contact-block__item\">\n              \t                <div class=\"contact-block__item-hint\">\n                \t<span >\n\t\t\t\t\t\t\u00c7al\u0131\u015fma Saatlerimiz :\t\t\t\t\t<\/span>\n                <\/div>\n                                <div class=\"contact-block__item-val\">\n                \t<span >\n\t\t\t\t\t\tPazartesi - Cuma  : 08 : 15 - 18 : 45<br>Cumartesi                : 08 : 15 - 13 : 00\n\t\t\t\t\t<\/span>\n                <\/div>\n              <\/div>\n                          <\/div>\n          <\/div>\n        <\/div>\n\n\t\t\t\t<\/div>\n\t\t\t\t<\/div>\n\t\t\t\t\t<\/div>\n\t\t<\/div>\n\t\t\t\t<div class=\"elementor-column elementor-col-50 elementor-top-column elementor-element elementor-element-01fa2d2\" data-id=\"01fa2d2\" data-element_type=\"column\">\n\t\t\t<div class=\"elementor-widget-wrap elementor-element-populated\">\n\t\t\t\t\t\t<div class=\"elementor-element elementor-element-649013d elementor-widget elementor-widget-larson-cf7-form\" data-id=\"649013d\" data-element_type=\"widget\" data-widget_type=\"larson-cf7-form.default\">\n\t\t\t\t<div class=\"elementor-widget-container\">\n\t\t\t\n\t\t<div class=\"article__main container\">\n          <section class=\"article__feedback feedback\">\n          \t            <div class=\"feedback__heading heading\" data-aos=\"fade\">\n            \t<span >\n\t\t\t\t\t<p>Bizimle \u0130leti\u015fim Kurabilir&nbsp;<br><span class=\"color-yellow\">Fiyat Teklifi Alabilirsiniz<\/span><\/p>\t\t\t\t<\/span>\n            <\/div>\n            \n                        \t\n<div class=\"wpcf7 no-js\" id=\"wpcf7-f11-o1\" lang=\"en-US\" dir=\"ltr\" data-wpcf7-id=\"11\">\n<div class=\"screen-reader-response\"><p role=\"status\" aria-live=\"polite\" aria-atomic=\"true\"><\/p> <ul><\/ul><\/div>\n<form action=\"\/index.php?rest_route=%2Fwp%2Fv2%2Fpages%2F368#wpcf7-f11-o1\" method=\"post\" class=\"wpcf7-form init\" aria-label=\"Contact form\" novalidate=\"novalidate\" data-status=\"init\">\n<div style=\"display: none;\">\n<input type=\"hidden\" name=\"_wpcf7\" value=\"11\" \/>\n<input type=\"hidden\" name=\"_wpcf7_version\" value=\"6.0.1\" \/>\n<input type=\"hidden\" name=\"_wpcf7_locale\" value=\"en_US\" \/>\n<input type=\"hidden\" name=\"_wpcf7_unit_tag\" value=\"wpcf7-f11-o1\" \/>\n<input type=\"hidden\" name=\"_wpcf7_container_post\" value=\"0\" \/>\n<input type=\"hidden\" name=\"_wpcf7_posted_data_hash\" value=\"\" \/>\n<\/div>\n<div class=\"row\">\n <div class=\"feedback__field-wrapper col-12 col-md-6 col-lg-6\" data-aos=\"fade\">\n  <label class=\"field\" aria-label=\"AD\">\n   <span class=\"wpcf7-form-control-wrap\" data-name=\"cf_name\"><input size=\"40\" maxlength=\"400\" class=\"wpcf7-form-control wpcf7-text wpcf7-validates-as-required\" aria-required=\"true\" aria-invalid=\"false\" placeholder=\"Ad\" value=\"\" type=\"text\" name=\"cf_name\" \/><\/span>\n  <\/label>\n <\/div>\n <div class=\"feedback__field-wrapper col-12 col-md-6 col-lg-6\" data-aos=\"fade\">\n  <label class=\"field\" aria-label=\"Email\">\n   <span class=\"wpcf7-form-control-wrap\" data-name=\"cf_email\"><input size=\"40\" maxlength=\"400\" class=\"wpcf7-form-control wpcf7-email wpcf7-validates-as-required wpcf7-text wpcf7-validates-as-email\" aria-required=\"true\" aria-invalid=\"false\" placeholder=\"Email\" value=\"\" type=\"email\" name=\"cf_email\" \/><\/span>\n  <\/label>\n <\/div>\n <div class=\"feedback__field-wrapper col-12 col-lg-12\" data-aos=\"fade\">\n  <label class=\"field\" aria-label=\"Konu\">\n   <span class=\"wpcf7-form-control-wrap\" data-name=\"cf_subject\"><input size=\"40\" maxlength=\"400\" class=\"wpcf7-form-control wpcf7-text wpcf7-validates-as-required\" aria-required=\"true\" aria-invalid=\"false\" placeholder=\"Konu\" value=\"\" type=\"text\" name=\"cf_subject\" \/><\/span>\n  <\/label>\n <\/div>\n <div class=\"feedback__field-wrapper col-12\" data-aos=\"fade\">\n  <label class=\"field\" aria-label=\"Mesaj\u0131n\u0131z\">\n   <span class=\"wpcf7-form-control-wrap\" data-name=\"cf_message\"><textarea cols=\"40\" rows=\"10\" maxlength=\"2000\" class=\"wpcf7-form-control wpcf7-textarea wpcf7-validates-as-required\" aria-required=\"true\" aria-invalid=\"false\" placeholder=\"Mesaj\u0131n\u0131z\" name=\"cf_message\"><\/textarea><\/span>\n  <\/label>\n <\/div>\n<\/div>\n<button class=\"btn\" type=\"G\u00f6nder\" data-aos=\"fade\">G\u00f6nder<\/button><div class=\"wpcf7-response-output\" aria-hidden=\"true\"><\/div>\n<\/form>\n<\/div>\n                      <\/section>\n        <\/div>\n\n\t\t\t\t<\/div>\n\t\t\t\t<\/div>\n\t\t\t\t\t<\/div>\n\t\t<\/div>\n\t\t\t\t\t<\/div>\n\t\t<\/section>\n\t\t\t\t<section class=\"elementor-section elementor-top-section elementor-element elementor-element-86dab40 elementor-section-full_width c__map elementor-section-height-default elementor-section-height-default\" data-id=\"86dab40\" data-element_type=\"section\">\n\t\t\t\t\t\t<div class=\"elementor-container elementor-column-gap-custom\">\n\t\t\t\t\t<div class=\"elementor-column elementor-col-100 elementor-top-column elementor-element elementor-element-20aa73f\" data-id=\"20aa73f\" data-element_type=\"column\">\n\t\t\t<div class=\"elementor-widget-wrap elementor-element-populated\">\n\t\t\t\t\t\t<div class=\"elementor-element elementor-element-e74ec28 elementor-widget elementor-widget-google_maps\" data-id=\"e74ec28\" data-element_type=\"widget\" data-widget_type=\"google_maps.default\">\n\t\t\t\t<div class=\"elementor-widget-container\">\n\t\t\t\t\t<div class=\"elementor-custom-embed\">\n\t\t\t<iframe loading=\"lazy\"\n\t\t\t\t\tsrc=\"https:\/\/maps.google.com\/maps?q=gul%C5%9Fan%20branda&#038;t=m&#038;z=17&#038;output=embed&#038;iwloc=near\"\n\t\t\t\t\ttitle=\"gul\u015fan branda\"\n\t\t\t\t\taria-label=\"gul\u015fan branda\"\n\t\t\t><\/iframe>\n\t\t<\/div>\n\t\t\t\t<\/div>\n\t\t\t\t<\/div>\n\t\t\t\t\t<\/div>\n\t\t<\/div>\n\t\t\t\t\t<\/div>\n\t\t<\/section>\n\t\t\t\t<\/div>\n\t\t","protected":false},"excerpt":{"rendered":"<p>\u0130leti\u015fim SAKARYA, T\u00dcRK\u0130YE MERKEZ : Erenler Mah. Sakarya Cad. Etbal\u0131k Kurumu Kar\u015f\u0131s\u0131 No: 330ERENLER \/ SAKARYATel :&nbsp; 0 264 2755226 &#8211;&nbsp; 2766173&nbsp;FABR\u0130KA&nbsp;:&nbsp;Nak\u0131\u015flar Mahallesi Yan Yol Caddesi No: 99, D-100 KarayoluERENLER \/ SAKARYATel : 0 264 3780217 &#8211;&nbsp; 3780218 &#8211;&nbsp; 3780219 &nbsp; &nbsp; &nbsp; +90 535 357 92 54 Email: info@gulsanbranda.com&#8230; <\/p>\n<div class=\"readmore\"><a href=\"https:\/\/gulsanbranda.com\/?page_id=368\" class=\"btn-link\">Read more<\/a><\/div>\n","protected":false},"author":1,"featured_media":0,"parent":0,"menu_order":0,"comment_status":"closed","ping_status":"closed","template":"template-elementor-default.php","meta":{"_acf_changed":false,"_monsterinsights_skip_tracking":false,"_monsterinsights_sitenote_active":false,"_monsterinsights_sitenote_note":"","_monsterinsights_sitenote_category":0,"footnotes":""},"class_list":["post-368","page","type-page","status-publish","hentry"],"acf":[],"aioseo_notices":[],"_links":{"self":[{"href":"https:\/\/gulsanbranda.com\/index.php?rest_route=\/wp\/v2\/pages\/368","targetHints":{"allow":["GET"]}}],"collection":[{"href":"https:\/\/gulsanbranda.com\/index.php?rest_route=\/wp\/v2\/pages"}],"about":[{"href":"https:\/\/gulsanbranda.com\/index.php?rest_route=\/wp\/v2\/types\/page"}],"author":[{"embeddable":true,"href":"https:\/\/gulsanbranda.com\/index.php?rest_route=\/wp\/v2\/users\/1"}],"replies":[{"embeddable":true,"href":"https:\/\/gulsanbranda.com\/index.php?rest_route=%2Fwp%2Fv2%2Fcomments&post=368"}],"version-history":[{"count":24,"href":"https:\/\/gulsanbranda.com\/index.php?rest_route=\/wp\/v2\/pages\/368\/revisions"}],"predecessor-version":[{"id":3176,"href":"https:\/\/gulsanbranda.com\/index.php?rest_route=\/wp\/v2\/pages\/368\/revisions\/3176"}],"wp:attachment":[{"href":"https:\/\/gulsanbranda.com\/index.php?rest_route=%2Fwp%2Fv2%2Fmedia&parent=368"}],"curies":[{"name":"wp","href":"https:\/\/api.w.org\/{rel}","templated":true}]}}