{"id":410,"date":"2021-06-23T23:06:14","date_gmt":"2021-06-23T23:06:14","guid":{"rendered":"https:\/\/larson-demo.bslthemes.com\/?page_id=410"},"modified":"2024-10-08T07:59:23","modified_gmt":"2024-10-08T07:59:23","slug":"portfolio-3","status":"publish","type":"page","link":"https:\/\/gulsanbranda.com\/?page_id=410","title":{"rendered":"\u00dcr\u00fcnlerimiz (Grid)"},"content":{"rendered":"\t\t<div data-elementor-type=\"wp-page\" data-elementor-id=\"410\" class=\"elementor elementor-410\">\n\t\t\t\t\t\t<section class=\"elementor-section elementor-top-section elementor-element elementor-element-a41e2b2 elementor-section-full_width elementor-section-height-default elementor-section-height-default\" data-id=\"a41e2b2\" data-element_type=\"section\">\n\t\t\t\t\t\t<div class=\"elementor-container elementor-column-gap-no\">\n\t\t\t\t\t<div class=\"elementor-column elementor-col-100 elementor-top-column elementor-element elementor-element-97c067e\" data-id=\"97c067e\" data-element_type=\"column\">\n\t\t\t<div class=\"elementor-widget-wrap elementor-element-populated\">\n\t\t\t\t\t\t<div class=\"elementor-element elementor-element-4f6d00e elementor-widget elementor-widget-larson-intro\" data-id=\"4f6d00e\" data-element_type=\"widget\" data-widget_type=\"larson-intro.default\">\n\t\t\t\t<div class=\"elementor-widget-container\">\n\t\t\t\n\t\t<article class=\"article\">\n\t        <header class=\"article__header\">\n\t          <div class=\"container\">\n\t            \t            <h1 class=\"article__heading heading heading--size-large\">\n\t            \t<span >\n\t\t\t\t\t\t\u00dcr\u00fcnlerimiz\t\t\t\t\t<\/span>\n\t            <\/h1>\n\t            \t            \t          <\/div>\n\t        <\/header>\n\t        \t    <\/article>\n\n\t\t\t\t<\/div>\n\t\t\t\t<\/div>\n\t\t\t\t\t<\/div>\n\t\t<\/div>\n\t\t\t\t\t<\/div>\n\t\t<\/section>\n\t\t\t\t<section class=\"elementor-section elementor-top-section elementor-element elementor-element-a301033 elementor-section-full_width elementor-section-height-default elementor-section-height-default\" data-id=\"a301033\" data-element_type=\"section\">\n\t\t\t\t\t\t<div class=\"elementor-container elementor-column-gap-no\">\n\t\t\t\t\t<div class=\"elementor-column elementor-col-100 elementor-top-column elementor-element elementor-element-82b94f1\" data-id=\"82b94f1\" data-element_type=\"column\">\n\t\t\t<div class=\"elementor-widget-wrap elementor-element-populated\">\n\t\t\t\t\t\t<div class=\"elementor-element elementor-element-65ce472 elementor-widget elementor-widget-larson-portfolio\" data-id=\"65ce472\" data-element_type=\"widget\" data-widget_type=\"larson-portfolio.default\">\n\t\t\t\t<div class=\"elementor-widget-container\">\n\t\t\t\n\t\t\n\t\t<div class=\"article__main container\">\n\n                    <ul class=\"projects-masonry row __js_projects-grid\">\n          \t<li class=\"grid-sizer\"><\/li>\n          \t\n\n<li class=\"projects-masonry__item col-12 col-md-6 col-xl-4 __js_masonry-item __js_building \">\n  <a class=\"card card--small card--masonry\" href=\"https:\/\/gulsanbranda.com\/?portfolio=iskelettente\">\n        <div class=\"card__image\">\n      <img decoding=\"async\" src=\"https:\/\/gulsanbranda.com\/wp-content\/uploads\/2021\/06\/KASETLI-TENTE-23-1-900x900.png\" alt=\"\u0130skelet Tente\" \/>\n    <\/div>\n        <div class=\"card__content\">\n            <h3 class=\"card__heading\">\n      \t\u0130skelet Tente      <\/h3>\n                  <div class=\"card__text\">\n      \tProjects for many large domestic and foreign corporations, enterprises in many elds such as nance, banking, F&amp;B, education, communication.      <\/div>\n            <div class=\"card__bottom\">\n        <span class=\"card__link\">\n          See project          <svg width=\"20\" height=\"20\">\n            <use xlink:href=\"#chevron-right\"><\/use>\n          <\/svg>\n        <\/span>\n      <\/div>\n    <\/div>\n  <\/a>\n<\/li>\n\n<li class=\"projects-masonry__item col-12 col-md-6 col-xl-4 __js_masonry-item \">\n  <a class=\"card card--small card--masonry\" href=\"https:\/\/gulsanbranda.com\/?portfolio=brandalar\">\n        <div class=\"card__image\">\n      <img decoding=\"async\" src=\"https:\/\/gulsanbranda.com\/wp-content\/uploads\/2024\/10\/9728558170162-1-900x900.jpg\" alt=\"Brandalar\" \/>\n    <\/div>\n        <div class=\"card__content\">\n            <h3 class=\"card__heading\">\n      \tBrandalar      <\/h3>\n                  <div class=\"card__bottom\">\n        <span class=\"card__link\">\n          See project          <svg width=\"20\" height=\"20\">\n            <use xlink:href=\"#chevron-right\"><\/use>\n          <\/svg>\n        <\/span>\n      <\/div>\n    <\/div>\n  <\/a>\n<\/li>\n\n<li class=\"projects-masonry__item col-12 col-md-6 col-xl-4 __js_masonry-item \">\n  <a class=\"card card--small card--masonry\" href=\"https:\/\/gulsanbranda.com\/?portfolio=zip-perde\">\n        <div class=\"card__image\">\n      <img decoding=\"async\" src=\"https:\/\/gulsanbranda.com\/wp-content\/uploads\/2024\/10\/zip-screen-438346cd-f19a-4c65-8828-4f1ba2ce301e-2-e1636674460392-900x900.jpg\" alt=\"Zip Perde\" \/>\n    <\/div>\n        <div class=\"card__content\">\n            <h3 class=\"card__heading\">\n      \tZip Perde      <\/h3>\n                  <div class=\"card__bottom\">\n        <span class=\"card__link\">\n          See project          <svg width=\"20\" height=\"20\">\n            <use xlink:href=\"#chevron-right\"><\/use>\n          <\/svg>\n        <\/span>\n      <\/div>\n    <\/div>\n  <\/a>\n<\/li>\n\n<li class=\"projects-masonry__item col-12 col-md-6 col-xl-4 __js_masonry-item \">\n  <a class=\"card card--small card--masonry\" href=\"https:\/\/gulsanbranda.com\/?portfolio=d-tipi-tente\">\n        <div class=\"card__image\">\n      <img decoding=\"async\" src=\"https:\/\/gulsanbranda.com\/wp-content\/uploads\/2024\/10\/tenteatolyesi-sabit-dekor-karpuz-tente-d-model-1-50cm-100cm-900x900.jpg\" alt=\"D Tipi Tente\" \/>\n    <\/div>\n        <div class=\"card__content\">\n            <h3 class=\"card__heading\">\n      \tD Tipi Tente      <\/h3>\n                  <div class=\"card__bottom\">\n        <span class=\"card__link\">\n          See project          <svg width=\"20\" height=\"20\">\n            <use xlink:href=\"#chevron-right\"><\/use>\n          <\/svg>\n        <\/span>\n      <\/div>\n    <\/div>\n  <\/a>\n<\/li>\n\n<li class=\"projects-masonry__item col-12 col-md-6 col-xl-4 __js_masonry-item __js_building \">\n  <a class=\"card card--small card--masonry\" href=\"https:\/\/gulsanbranda.com\/?portfolio=cardakakordiyon\">\n        <div class=\"card__image\">\n      <img decoding=\"async\" src=\"https:\/\/gulsanbranda.com\/wp-content\/uploads\/2024\/10\/katlanabilir-gazebo-cadir-900x900.jpg\" alt=\"Akordiyon \u00c7ardak\" \/>\n    <\/div>\n        <div class=\"card__content\">\n            <h3 class=\"card__heading\">\n      \tAkordiyon \u00c7ardak      <\/h3>\n                  <div class=\"card__bottom\">\n        <span class=\"card__link\">\n          See project          <svg width=\"20\" height=\"20\">\n            <use xlink:href=\"#chevron-right\"><\/use>\n          <\/svg>\n        <\/span>\n      <\/div>\n    <\/div>\n  <\/a>\n<\/li>\n\n<li class=\"projects-masonry__item col-12 col-md-6 col-xl-4 __js_masonry-item __js_interior \">\n  <a class=\"card card--small card--masonry\" href=\"https:\/\/gulsanbranda.com\/?portfolio=profesyonelsemsiye\">\n        <div class=\"card__image\">\n      <img decoding=\"async\" src=\"https:\/\/gulsanbranda.com\/wp-content\/uploads\/2021\/08\/AW9A8272-900x900.jpg\" alt=\"Profesyonel \u015eemsiye\" \/>\n    <\/div>\n        <div class=\"card__content\">\n            <h3 class=\"card__heading\">\n      \tProfesyonel \u015eemsiye      <\/h3>\n                  <div class=\"card__text\">\n      \tProjects for many large domestic and foreign corporations, enterprises in many elds such as nance, banking, F&amp;B, education, communication.      <\/div>\n            <div class=\"card__bottom\">\n        <span class=\"card__link\">\n          See project          <svg width=\"20\" height=\"20\">\n            <use xlink:href=\"#chevron-right\"><\/use>\n          <\/svg>\n        <\/span>\n      <\/div>\n    <\/div>\n  <\/a>\n<\/li>\n\n<li class=\"projects-masonry__item col-12 col-md-6 col-xl-4 __js_masonry-item __js_building \">\n  <a class=\"card card--small card--masonry\" href=\"https:\/\/gulsanbranda.com\/?portfolio=pergola\">\n        <div class=\"card__image\">\n      <img decoding=\"async\" src=\"https:\/\/gulsanbranda.com\/wp-content\/uploads\/2021\/08\/AW9A8235-900x900.jpg\" alt=\"Pergola Sistem\" \/>\n    <\/div>\n        <div class=\"card__content\">\n            <h3 class=\"card__heading\">\n      \tPergola Sistem      <\/h3>\n                  <div class=\"card__text\">\n      \tProjects for many large domestic and foreign corporations, enterprises in many elds such      <\/div>\n            <div class=\"card__bottom\">\n        <span class=\"card__link\">\n          See project          <svg width=\"20\" height=\"20\">\n            <use xlink:href=\"#chevron-right\"><\/use>\n          <\/svg>\n        <\/span>\n      <\/div>\n    <\/div>\n  <\/a>\n<\/li>\n\n<li class=\"projects-masonry__item col-12 col-md-6 col-xl-4 __js_masonry-item __js_interior \">\n  <a class=\"card card--small card--masonry\" href=\"https:\/\/gulsanbranda.com\/?portfolio=karpuztente\">\n        <div class=\"card__image\">\n      <img decoding=\"async\" src=\"https:\/\/gulsanbranda.com\/wp-content\/uploads\/2021\/08\/AW9A8352-900x900.jpg\" alt=\"Karpuz Tente\" \/>\n    <\/div>\n        <div class=\"card__content\">\n            <h3 class=\"card__heading\">\n      \tKarpuz Tente      <\/h3>\n                  <div class=\"card__text\">\n      \tProjects for many large domestic and foreign corporations, enterprises in many elds such as nance, banking, F&amp;B, education, communication.      <\/div>\n            <div class=\"card__bottom\">\n        <span class=\"card__link\">\n          See project          <svg width=\"20\" height=\"20\">\n            <use xlink:href=\"#chevron-right\"><\/use>\n          <\/svg>\n        <\/span>\n      <\/div>\n    <\/div>\n  <\/a>\n<\/li>\n\n<li class=\"projects-masonry__item col-12 col-md-6 col-xl-4 __js_masonry-item \">\n  <a class=\"card card--small card--masonry\" href=\"https:\/\/gulsanbranda.com\/?portfolio=wintent\">\n        <div class=\"card__image\">\n      <img decoding=\"async\" src=\"https:\/\/gulsanbranda.com\/wp-content\/uploads\/2021\/06\/Ekran-Resmi-2024-10-12-04.42.55-900x900.png\" alt=\"Wintent\" \/>\n    <\/div>\n        <div class=\"card__content\">\n            <h3 class=\"card__heading\">\n      \tWintent      <\/h3>\n                  <div class=\"card__text\">\n      \tProjects for many large domestic and foreign corporations, enterprises in many elds such      <\/div>\n            <div class=\"card__bottom\">\n        <span class=\"card__link\">\n          See project          <svg width=\"20\" height=\"20\">\n            <use xlink:href=\"#chevron-right\"><\/use>\n          <\/svg>\n        <\/span>\n      <\/div>\n    <\/div>\n  <\/a>\n<\/li>\n\n<li class=\"projects-masonry__item col-12 col-md-6 col-xl-4 __js_masonry-item __js_building \">\n  <a class=\"card card--small card--masonry\" href=\"https:\/\/gulsanbranda.com\/?portfolio=catiliunite\">\n        <div class=\"card__image\">\n      <img decoding=\"async\" src=\"https:\/\/gulsanbranda.com\/wp-content\/uploads\/2021\/06\/AW9A8396-900x900.jpg\" alt=\"\u00c7at\u0131l\u0131 \u00dcnite\" \/>\n    <\/div>\n        <div class=\"card__content\">\n            <h3 class=\"card__heading\">\n      \t\u00c7at\u0131l\u0131 \u00dcnite      <\/h3>\n                  <div class=\"card__text\">\n      \tProjects for many large domestic and foreign corporations, enterprises in many elds such as nance, banking, F&amp;B, education, communication.      <\/div>\n            <div class=\"card__bottom\">\n        <span class=\"card__link\">\n          See project          <svg width=\"20\" height=\"20\">\n            <use xlink:href=\"#chevron-right\"><\/use>\n          <\/svg>\n        <\/span>\n      <\/div>\n    <\/div>\n  <\/a>\n<\/li>\n\n<li class=\"projects-masonry__item col-12 col-md-6 col-xl-4 __js_masonry-item __js_interior \">\n  <a class=\"card card--small card--masonry\" href=\"https:\/\/gulsanbranda.com\/?portfolio=alizekasetlitente\">\n        <div class=\"card__image\">\n      <img decoding=\"async\" src=\"https:\/\/gulsanbranda.com\/wp-content\/uploads\/2021\/06\/AW9A8334-900x900.jpg\" alt=\"Alize Kasetli Tente\" \/>\n    <\/div>\n        <div class=\"card__content\">\n            <h3 class=\"card__heading\">\n      \tAlize Kasetli Tente      <\/h3>\n                  <div class=\"card__text\">\n      \tProjects for many large domestic and foreign corporations, enterprises in many elds such as nance, banking, F&amp;B, education, communication.      <\/div>\n            <div class=\"card__bottom\">\n        <span class=\"card__link\">\n          See project          <svg width=\"20\" height=\"20\">\n            <use xlink:href=\"#chevron-right\"><\/use>\n          <\/svg>\n        <\/span>\n      <\/div>\n    <\/div>\n  <\/a>\n<\/li>\n\n<li class=\"projects-masonry__item col-12 col-md-6 col-xl-4 __js_masonry-item __js_building \">\n  <a class=\"card card--small card--masonry\" href=\"https:\/\/gulsanbranda.com\/?portfolio=mafsallitente\">\n        <div class=\"card__image\">\n      <img decoding=\"async\" src=\"https:\/\/gulsanbranda.com\/wp-content\/uploads\/2021\/06\/AW9A8330-900x900.jpg\" alt=\"Mafsall\u0131 Tente\" \/>\n    <\/div>\n        <div class=\"card__content\">\n            <h3 class=\"card__heading\">\n      \tMafsall\u0131 Tente      <\/h3>\n                  <div class=\"card__text\">\n      \tProjects for many large domestic and foreign corporations, enterprises in many elds such as nance, banking, F&amp;B, education, communication.      <\/div>\n            <div class=\"card__bottom\">\n        <span class=\"card__link\">\n          See project          <svg width=\"20\" height=\"20\">\n            <use xlink:href=\"#chevron-right\"><\/use>\n          <\/svg>\n        <\/span>\n      <\/div>\n    <\/div>\n  <\/a>\n<\/li>\n\n<li class=\"projects-masonry__item col-12 col-md-6 col-xl-4 __js_masonry-item \">\n  <a class=\"card card--small card--masonry\" href=\"https:\/\/gulsanbranda.com\/?portfolio=asma-germe-membran\">\n        <div class=\"card__image\">\n      <img decoding=\"async\" src=\"https:\/\/gulsanbranda.com\/wp-content\/uploads\/2024\/10\/Gulsan01-900x900.jpg\" alt=\"Asma &#8211; Germe &#8211; Membran\" \/>\n    <\/div>\n        <div class=\"card__content\">\n            <h3 class=\"card__heading\">\n      \tAsma &#8211; Germe &#8211; Membran      <\/h3>\n                  <div class=\"card__bottom\">\n        <span class=\"card__link\">\n          See project          <svg width=\"20\" height=\"20\">\n            <use xlink:href=\"#chevron-right\"><\/use>\n          <\/svg>\n        <\/span>\n      <\/div>\n    <\/div>\n  <\/a>\n<\/li>          <\/ul>\n\n          \t   \t\t<div class=\"pager\">\n\t    \t\t\t\t\t<\/div>\n\t\t\t\n        <\/div>\n\n\t\t\t\t<\/div>\n\t\t\t\t<\/div>\n\t\t\t\t\t<\/div>\n\t\t<\/div>\n\t\t\t\t\t<\/div>\n\t\t<\/section>\n\t\t\t\t<\/div>\n\t\t","protected":false},"excerpt":{"rendered":"<p>\u00dcr\u00fcnlerimiz Villa In London Projects for many large domestic and foreign corporations, enterprises in many elds such as nance, banking, F&amp;B, education, communication. See project Spain Working Building Projects for many large domestic and foreign corporations, enterprises in many elds such as nance, banking, F&amp;B, education, communication. See project House&#8230; <\/p>\n<div class=\"readmore\"><a href=\"https:\/\/gulsanbranda.com\/?portfolio=asma-germe-membran\" class=\"btn-link\">Read more<\/a><\/div>\n","protected":false},"author":1,"featured_media":0,"parent":0,"menu_order":0,"comment_status":"closed","ping_status":"closed","template":"template-elementor-default.php","meta":{"_acf_changed":false,"_monsterinsights_skip_tracking":false,"_monsterinsights_sitenote_active":false,"_monsterinsights_sitenote_note":"","_monsterinsights_sitenote_category":0,"footnotes":""},"class_list":["post-410","page","type-page","status-publish","hentry"],"acf":[],"aioseo_notices":[],"_links":{"self":[{"href":"https:\/\/gulsanbranda.com\/index.php?rest_route=\/wp\/v2\/pages\/410","targetHints":{"allow":["GET"]}}],"collection":[{"href":"https:\/\/gulsanbranda.com\/index.php?rest_route=\/wp\/v2\/pages"}],"about":[{"href":"https:\/\/gulsanbranda.com\/index.php?rest_route=\/wp\/v2\/types\/page"}],"author":[{"embeddable":true,"href":"https:\/\/gulsanbranda.com\/index.php?rest_route=\/wp\/v2\/users\/1"}],"replies":[{"embeddable":true,"href":"https:\/\/gulsanbranda.com\/index.php?rest_route=%2Fwp%2Fv2%2Fcomments&post=410"}],"version-history":[{"count":6,"href":"https:\/\/gulsanbranda.com\/index.php?rest_route=\/wp\/v2\/pages\/410\/revisions"}],"predecessor-version":[{"id":3304,"href":"https:\/\/gulsanbranda.com\/index.php?rest_route=\/wp\/v2\/pages\/410\/revisions\/3304"}],"wp:attachment":[{"href":"https:\/\/gulsanbranda.com\/index.php?rest_route=%2Fwp%2Fv2%2Fmedia&parent=410"}],"curies":[{"name":"wp","href":"https:\/\/api.w.org\/{rel}","templated":true}]}}